{"id":337624,"date":"2023-12-15T05:37:13","date_gmt":"2023-12-15T03:37:13","guid":{"rendered":"https:\/\/15.237.28.242\/?post_type=product&#038;p=337624"},"modified":"2025-01-18T11:53:04","modified_gmt":"2025-01-18T09:53:04","slug":"ugg-mini-chestnut-con-plataforma","status":"publish","type":"product","link":"https:\/\/ibuysneakers.com\/it\/producto\/ugg-mini-chestnut-con-plataforma\/","title":{"rendered":"UGG MINI CHESTNUT CON PLATAFORMA"},"content":{"rendered":"<p>Descubre las UGG Mini Chestnut con Plataforma: donde tradici\u00f3n y modernidad se unen. Con su c\u00e1lido tono marr\u00f3n casta\u00f1o y plataforma elevadora, estas botas ofrecen estilo y confort. Su gamuza de calidad y forro de lana UGGpure\u2122 aseguran calidez incomparable. La robusta plataforma proporciona estabilidad y durabilidad&#8230; Perfectas para j\u00f3venes apasionados por las sneakers que desean destacar. \u00a1Eleva tu look y s\u00e9 el centro de atenci\u00f3n! No esperes m\u00e1s&#8230; Compra ahora y lleva tu estilo al siguiente nivel. \u00a1Atr\u00e9vete a ser diferente con estas UGG \u00fanicas!<\/p>\n","protected":false},"excerpt":{"rendered":"<p>Descubre las UGG Mini Chestnut con Plataforma: donde tradici\u00f3n y modernidad se unen. Con su c\u00e1lido tono marr\u00f3n casta\u00f1o y<\/p>\n","protected":false},"featured_media":337637,"template":"","meta":[],"product_brand":[],"product_cat":[581,647,649],"product_tag":[],"class_list":{"0":"post-337624","1":"product","2":"type-product","3":"status-publish","4":"has-post-thumbnail","6":"product_cat-accessories","7":"product_cat-ugg","8":"product_cat-ugg-mini","10":"first","11":"instock","12":"sale","13":"shipping-taxable","14":"purchasable","15":"product-type-variable"},"_links":{"self":[{"href":"https:\/\/ibuysneakers.com\/it\/wp-json\/wp\/v2\/product\/337624","targetHints":{"allow":["GET"]}}],"collection":[{"href":"https:\/\/ibuysneakers.com\/it\/wp-json\/wp\/v2\/product"}],"about":[{"href":"https:\/\/ibuysneakers.com\/it\/wp-json\/wp\/v2\/types\/product"}],"wp:featuredmedia":[{"embeddable":true,"href":"https:\/\/ibuysneakers.com\/it\/wp-json\/wp\/v2\/media\/337637"}],"wp:attachment":[{"href":"https:\/\/ibuysneakers.com\/it\/wp-json\/wp\/v2\/media?parent=337624"}],"wp:term":[{"taxonomy":"product_brand","embeddable":true,"href":"https:\/\/ibuysneakers.com\/it\/wp-json\/wp\/v2\/product_brand?post=337624"},{"taxonomy":"product_cat","embeddable":true,"href":"https:\/\/ibuysneakers.com\/it\/wp-json\/wp\/v2\/product_cat?post=337624"},{"taxonomy":"product_tag","embeddable":true,"href":"https:\/\/ibuysneakers.com\/it\/wp-json\/wp\/v2\/product_tag?post=337624"}],"curies":[{"name":"wp","href":"https:\/\/api.w.org\/{rel}","templated":true}]}}