{"id":339716,"date":"2024-02-22T23:02:11","date_gmt":"2024-02-22T21:02:11","guid":{"rendered":"https:\/\/15.237.28.242\/?post_type=product&#038;p=339716"},"modified":"2024-10-04T04:57:45","modified_gmt":"2024-10-04T02:57:45","slug":"adidas-gazelle-indoor","status":"publish","type":"product","link":"https:\/\/ibuysneakers.com\/it\/producto\/adidas-gazelle-indoor\/","title":{"rendered":"Adidas Gazelle Indoor"},"content":{"rendered":"<p>\u00a1Domina el estilo retro con las Adidas Gazelle Indoor! Estas sneakers combinan gamuza premium y suela de goma para ofrecer comodidad y un agarre excepcional. Disponibles en m\u00faltiples colores, son el complemento perfecto para cualquier look. \u00bfTe gusta destacar? Haz una declaraci\u00f3n de estilo con cada paso. Perfectas para tus aventuras diarias, estas zapatillas no solo completan tu outfit&#8230; lo elevan. No dejes pasar la oportunidad de a\u00f1adirlas a tu colecci\u00f3n. S\u00e9 \u00fanico. S\u00e9 audaz. Hazte con las tuyas ahora y marca la diferencia. \u00a1Atr\u00e9vete a ser el centro de atenci\u00f3n!<\/p>\n","protected":false},"excerpt":{"rendered":"<p>\u00a1Domina el estilo retro con las Adidas Gazelle Indoor! Estas sneakers combinan gamuza premium y suela de goma para ofrecer<\/p>\n","protected":false},"featured_media":339729,"template":"","meta":[],"product_brand":[],"product_cat":[581,650,56],"product_tag":[655],"class_list":{"0":"post-339716","1":"product","2":"type-product","3":"status-publish","4":"has-post-thumbnail","6":"product_cat-accessories","7":"product_cat-adidas-gazelle","8":"product_cat-adidas","9":"product_tag-adidas-gazelle-indoor","11":"first","12":"instock","13":"sale","14":"shipping-taxable","15":"purchasable","16":"product-type-variable"},"_links":{"self":[{"href":"https:\/\/ibuysneakers.com\/it\/wp-json\/wp\/v2\/product\/339716","targetHints":{"allow":["GET"]}}],"collection":[{"href":"https:\/\/ibuysneakers.com\/it\/wp-json\/wp\/v2\/product"}],"about":[{"href":"https:\/\/ibuysneakers.com\/it\/wp-json\/wp\/v2\/types\/product"}],"wp:featuredmedia":[{"embeddable":true,"href":"https:\/\/ibuysneakers.com\/it\/wp-json\/wp\/v2\/media\/339729"}],"wp:attachment":[{"href":"https:\/\/ibuysneakers.com\/it\/wp-json\/wp\/v2\/media?parent=339716"}],"wp:term":[{"taxonomy":"product_brand","embeddable":true,"href":"https:\/\/ibuysneakers.com\/it\/wp-json\/wp\/v2\/product_brand?post=339716"},{"taxonomy":"product_cat","embeddable":true,"href":"https:\/\/ibuysneakers.com\/it\/wp-json\/wp\/v2\/product_cat?post=339716"},{"taxonomy":"product_tag","embeddable":true,"href":"https:\/\/ibuysneakers.com\/it\/wp-json\/wp\/v2\/product_tag?post=339716"}],"curies":[{"name":"wp","href":"https:\/\/api.w.org\/{rel}","templated":true}]}}