{"id":341710,"date":"2024-04-29T13:14:08","date_gmt":"2024-04-29T11:14:08","guid":{"rendered":"https:\/\/15.237.28.242\/?post_type=product&#038;p=341710"},"modified":"2025-06-13T06:38:13","modified_gmt":"2025-06-13T04:38:13","slug":"adidas-gazelle-bold-green-lucid-pink","status":"publish","type":"product","link":"https:\/\/ibuysneakers.com\/it\/producto\/adidas-gazelle-bold-green-lucid-pink\/","title":{"rendered":"Adidas Gazelle Bold &#8216;Green Lucid Pink&#8217;"},"content":{"rendered":"<p>Descubre el estilo inigualable de las Adidas Gazelle Bold &#8216;Green Lucid Pink&#8217;. Con un vibrante verde y detalles en rosa, estas sneakers son perfectas para los amantes de la moda que desean destacar. Su dise\u00f1o cl\u00e1sico y renovado ofrece comodidad y estilo en cada paso. \u00bfPor qu\u00e9 conformarte con menos? Haz una declaraci\u00f3n de moda. Atr\u00e9vete a marcar tendencia y lleva tus outfits al siguiente nivel\u2026 \u00a1No te quedes sin ellas! Compra ahora y s\u00e9 parte del legado Gazelle. Ideal para el p\u00fablico joven entusiasta de las sneakers. \u00a1Hazlas tuyas hoy mismo!<\/p>\n","protected":false},"excerpt":{"rendered":"<p>Descubre el estilo inigualable de las Adidas Gazelle Bold &#8216;Green Lucid Pink&#8217;. Con un vibrante verde y detalles en rosa,<\/p>\n","protected":false},"featured_media":440426,"template":"","meta":[],"product_brand":[],"product_cat":[581,650,56,40],"product_tag":[671],"class_list":{"0":"post-341710","1":"product","2":"type-product","3":"status-publish","4":"has-post-thumbnail","6":"product_cat-accessories","7":"product_cat-adidas-gazelle","8":"product_cat-adidas","9":"product_cat-calzado","10":"product_tag-adidas-gazelle-bold-green-lucid-pink","12":"first","13":"instock","14":"sale","15":"shipping-taxable","16":"purchasable","17":"product-type-variable"},"_links":{"self":[{"href":"https:\/\/ibuysneakers.com\/it\/wp-json\/wp\/v2\/product\/341710","targetHints":{"allow":["GET"]}}],"collection":[{"href":"https:\/\/ibuysneakers.com\/it\/wp-json\/wp\/v2\/product"}],"about":[{"href":"https:\/\/ibuysneakers.com\/it\/wp-json\/wp\/v2\/types\/product"}],"wp:featuredmedia":[{"embeddable":true,"href":"https:\/\/ibuysneakers.com\/it\/wp-json\/wp\/v2\/media\/440426"}],"wp:attachment":[{"href":"https:\/\/ibuysneakers.com\/it\/wp-json\/wp\/v2\/media?parent=341710"}],"wp:term":[{"taxonomy":"product_brand","embeddable":true,"href":"https:\/\/ibuysneakers.com\/it\/wp-json\/wp\/v2\/product_brand?post=341710"},{"taxonomy":"product_cat","embeddable":true,"href":"https:\/\/ibuysneakers.com\/it\/wp-json\/wp\/v2\/product_cat?post=341710"},{"taxonomy":"product_tag","embeddable":true,"href":"https:\/\/ibuysneakers.com\/it\/wp-json\/wp\/v2\/product_tag?post=341710"}],"curies":[{"name":"wp","href":"https:\/\/api.w.org\/{rel}","templated":true}]}}